{"id":15,"date":"2022-05-09T08:33:47","date_gmt":"2022-05-09T08:33:47","guid":{"rendered":"http:\/\/new.rm-mpi.si\/?page_id=15"},"modified":"2022-05-13T07:56:07","modified_gmt":"2022-05-13T07:56:07","slug":"politika-kakovosti-ravnanja-z-okoljem-ter-varnosti-in-zdravja-pri-delu","status":"publish","type":"page","link":"https:\/\/www.rm-mpi.si\/index.php\/politika-kakovosti-ravnanja-z-okoljem-ter-varnosti-in-zdravja-pri-delu\/","title":{"rendered":"POLITIKA KAKOVOSTI, RAVNANJA Z OKOLJEM TER VARNOSTI IN ZDRAVJA PRI DELU"},"content":{"rendered":"\n<h2 class=\"wp-block-heading\">POSLANSTVO<\/h2>\n\n\n\n<p>Na\u0161e poslanstvo je zadovoljstvo zainteresiranih strani, varovanje okolja ter skrb za varnost in zdravje zaposlenih na delovnem mestu.<\/p>\n\n\n\n<p><\/p>\n\n\n\n<h2 class=\"wp-block-heading\">VIZIJA<\/h2>\n\n\n\n<p>\u017delimo postati odli\u010dno podjetje na podro\u010dju proizvodnje svinca, njegovih zlitin in ostalih produktov, ki nastajajo pri recikla\u017ei odpadkov, ki vsebujejo svinec. Najvi\u0161je vodstvo se zavezuje k izpolnjevanju veljavnih zakonskih in drugih zahtev, povezanih z okoljskimi vidiki ter prepre\u010devanjem onesna\u017eevanja okolja. Izpolnili bomo vse zahteve, na katere je podjetje pristalo ter izpolnili zahteve in pri\u010dakovanja odjemalcev z namenom pove\u010devanja njihovega zadovoljstva. Vodstvo se zavezuje zagotavljanju varnih in zdravih delovnih razmer za prepre\u010devanje z delom povezanih po\u0161kodb in okvar zdravja, odpravljanje nevarnosti in zmanj\u0161anje tveganj za zdravje in varnost pri delu. Zavezuje se k nenehnemu izbolj\u0161evanju sistemov kakovosti, ravnanja z okoljem ter varnosti in zdravja pri delu. Vodstvo se zavezuje k posvetovanju z delavci ter sodelovanju delavcev in predstavnikov delavcev.<\/p>\n\n\n\n<p><\/p>\n\n\n\n<h2 class=\"wp-block-heading\">VREDNOTE<\/h2>\n\n\n\n<p>\u2022 Zavedamo se, da nobenega programa, projekta ali vizije ni mogo\u010de uresni\u010diti brez primerno usposobljenih, motiviranih in zadovoljnih sodelavcev, zato so zaposleni v podjetju osnovna vrednota podjetja. Omogo\u010dili bomo pridobivanje potrebnega znanja za zagotavljanje ustrezne usposobljenosti.<br>\u2022 Odjemalci predstavljajo sredi\u0161\u010de na\u0161ega delovanja, saj brez njih podjetje ne more obstajati.<br>\u2022 Zaradi na\u0161e dejavnosti so skrb za okolje, zdravje in varnost pri delu temeljne vrednote.<br>\u2022 Aktivno sodelovanje in razvoj lokalne skupnosti je neposredno povezan z delovanjem podjetja.<\/p>\n\n\n\n<h2 class=\"wp-block-heading\">CILJI, KI SMO SI JIH POSTAVILI SO:<\/h2>\n\n\n\n<p>\u2022 dosegati najvi\u0161jo mo\u017eno stopnjo recikla\u017ee svin\u010devih odpadkov,<br>\u2022 vzdr\u017eevati proizvodnjo rafiniranega Pb in kalcijevih zlitin na nivoju 16.000 ton letno,<br>\u2022 obvladovati porabo energentov in odpadkov na enoto proizvoda,<br>\u2022 prepre\u010devati po\u0161kodbe in okvare zdravja na delovnem mestu na podlagi ocene tveganja in stalnega prepoznavanja nevarnosti,<br>\u2022 izpolniti zahteve varnosti in zdravja pri delu o najve\u010dji dovoljeni vrednosti vsebnosti Pb v krvi zaposlenih: 100 \u03bcg\/l za \u017eenske ter 300 \u03bcg\/l za mo\u0161ke,<br>\u2022 vzdr\u017eevati in nenehno izbolj\u0161evati integriran sistem vodenja kakovosti, ravnanja z okoljem ter varnosti in zdravja pri delu (ISO 9001:2015, ISO 14001:2015, ISO 45001:2018),<br>\u2022 uporabiti najbolj\u0161o razpolo\u017eljivo tehnologijo (BAT) pri izpolnjevanju zahtev okoljevarstvenega dovoljenja in nameniti posebno skrb zmanj\u0161anju vplivov na okolje,<br>\u2022 upo\u0161tevati najbolj\u0161o svetovno prakso v tehnologiji in proizvodnji ter slediti trendom razvoja,<br>\u2022 prepoznati tveganja, jih obvladovati in spremeniti v prilo\u017enosti za izbolj\u0161ave,<br>\u2022 dvigovati zavest o vrednotah podjetja pri zaposlenih,<br>\u2022 stalni dvig prihodkov in dodane vrednosti na zaposlenega.<\/p>\n\n\n\n<p>Vodstvo bo zagotovilo vse potrebne vire za izpolnitev zastavljenih ciljev.<\/p>\n\n\n\n<p>\u017derjav, Januar 2022<br>Direktor: Viktor Fortin<\/p>\n\n\n\n<div class=\"wp-block-buttons is-layout-flex wp-block-buttons-is-layout-flex\">\n<div class=\"wp-block-button\"><a class=\"wp-block-button__link\" href=\"http:\/\/new.rm-mpi.si\/wp-content\/uploads\/2022\/05\/Politika.pdf\" target=\"_blank\" rel=\"noreferrer noopener\">PRENESI DOKUMENT<\/a><\/div>\n<\/div>\n","protected":false},"excerpt":{"rendered":"<p>POSLANSTVO Na\u0161e poslanstvo je zadovoljstvo zainteresiranih strani, varovanje okolja ter skrb za varnost in zdravje zaposlenih na delovnem mestu. VIZIJA \u017delimo postati odli\u010dno podjetje na podro\u010dju proizvodnje svinca, njegovih zlitin in ostalih produktov, ki nastajajo pri recikla\u017ei odpadkov, ki vsebujejo svinec. Najvi\u0161je vodstvo se zavezuje k izpolnjevanju veljavnih zakonskih in drugih zahtev, povezanih z okoljskimi [&hellip;]<\/p>\n","protected":false},"author":1,"featured_media":142,"parent":0,"menu_order":0,"comment_status":"closed","ping_status":"closed","template":"","meta":{"footnotes":""},"_links":{"self":[{"href":"https:\/\/www.rm-mpi.si\/index.php\/wp-json\/wp\/v2\/pages\/15"}],"collection":[{"href":"https:\/\/www.rm-mpi.si\/index.php\/wp-json\/wp\/v2\/pages"}],"about":[{"href":"https:\/\/www.rm-mpi.si\/index.php\/wp-json\/wp\/v2\/types\/page"}],"author":[{"embeddable":true,"href":"https:\/\/www.rm-mpi.si\/index.php\/wp-json\/wp\/v2\/users\/1"}],"replies":[{"embeddable":true,"href":"https:\/\/www.rm-mpi.si\/index.php\/wp-json\/wp\/v2\/comments?post=15"}],"version-history":[{"count":2,"href":"https:\/\/www.rm-mpi.si\/index.php\/wp-json\/wp\/v2\/pages\/15\/revisions"}],"predecessor-version":[{"id":19,"href":"https:\/\/www.rm-mpi.si\/index.php\/wp-json\/wp\/v2\/pages\/15\/revisions\/19"}],"wp:featuredmedia":[{"embeddable":true,"href":"https:\/\/www.rm-mpi.si\/index.php\/wp-json\/wp\/v2\/media\/142"}],"wp:attachment":[{"href":"https:\/\/www.rm-mpi.si\/index.php\/wp-json\/wp\/v2\/media?parent=15"}],"curies":[{"name":"wp","href":"https:\/\/api.w.org\/{rel}","templated":true}]}}