{"id":23,"date":"2022-05-09T08:45:37","date_gmt":"2022-05-09T08:45:37","guid":{"rendered":"http:\/\/new.rm-mpi.si\/?page_id=23"},"modified":"2022-05-18T10:10:40","modified_gmt":"2022-05-18T10:10:40","slug":"ravnanje-z-okoljem","status":"publish","type":"page","link":"https:\/\/www.rm-mpi.si\/index.php\/ravnanje-z-okoljem\/","title":{"rendered":"RAVNANJE Z OKOLJEM"},"content":{"rendered":"\n<p><strong>Skrb za okolje je vedno bolj prisotna v zavesti ljudi, tako posameznikih, kot tudi v podjetjih. Izjema ni niti na\u0161e podjetje. Zavzemamo se, da s svojim delovanjem \u010dim manj vplivamo na okolje in ljudi, ki \u017eivimo v njem. Pridobljen imamo certifikat za sistem ravnanja z okoljem ISO 14001. Skladno z zahtevami standarda ISO 14001 smo v podjetju prepoznali okoljske vidike, s katerimi vplivamo na okolje.<\/strong><\/p>\n\n\n\n<p>Najpomembnej\u0161i med njimi so:<\/p>\n\n\n\n<p>\u25cf emisije snovi v zrak,<br>\u25cf odpadne vode,<br>\u25cf hrup,<br>\u25cf nastajanje odpadkov.<\/p>\n\n\n\n<p>Za \u010di\u0161\u010denje odpadnih plinov imamo postavljene filtre za \u010di\u0161\u010denje odpadnih plinov in raz\u017evepljevalno napravo dimnih plinov, odpadne komunalne vode \u010distimo na treh malih komunalnih \u010distilnih napravah, tehnolo\u0161ke odpadne vode pa kro\u017eijo v zaprtem sistemu in se ne odvajajo v vodotok. V podjetju se uspe\u0161no zavzemamo, da se zmanj\u0161uje poraba energentov ter odpadkov. Za odpadne emisije snovi v zrak, odpadno vodo in hrup se skladno z zakonodajo redno opravljajo meritve s strani zunanjih strokovno usposobljenih in poobla\u0161\u010denih izvajalcev. V podjetju redno spremljamo zakonodajo in izpolnjujemo njene zahteve na podro\u010dju ravnanja z okoljem na ravni EU, dr\u017eave ter lokalni ravni.<\/p>\n\n\n\n<div class=\"wp-block-image\"><figure class=\"aligncenter size-full\"><img decoding=\"async\" loading=\"lazy\" width=\"836\" height=\"482\" src=\"http:\/\/new.rm-mpi.si\/wp-content\/uploads\/2022\/05\/okolje_novo.jpg\" alt=\"\" class=\"wp-image-171\" srcset=\"https:\/\/www.rm-mpi.si\/wp-content\/uploads\/2022\/05\/okolje_novo.jpg 836w, https:\/\/www.rm-mpi.si\/wp-content\/uploads\/2022\/05\/okolje_novo-300x173.jpg 300w, https:\/\/www.rm-mpi.si\/wp-content\/uploads\/2022\/05\/okolje_novo-768x443.jpg 768w\" sizes=\"(max-width: 836px) 100vw, 836px\" \/><\/figure><\/div>\n","protected":false},"excerpt":{"rendered":"<p>Skrb za okolje je vedno bolj prisotna v zavesti ljudi, tako posameznikih, kot tudi v podjetjih. Izjema ni niti na\u0161e podjetje. Zavzemamo se, da s svojim delovanjem \u010dim manj vplivamo na okolje in ljudi, ki \u017eivimo v njem. Pridobljen imamo certifikat za sistem ravnanja z okoljem ISO 14001. Skladno z zahtevami standarda ISO 14001 smo [&hellip;]<\/p>\n","protected":false},"author":1,"featured_media":142,"parent":0,"menu_order":0,"comment_status":"closed","ping_status":"closed","template":"","meta":{"footnotes":""},"_links":{"self":[{"href":"https:\/\/www.rm-mpi.si\/index.php\/wp-json\/wp\/v2\/pages\/23"}],"collection":[{"href":"https:\/\/www.rm-mpi.si\/index.php\/wp-json\/wp\/v2\/pages"}],"about":[{"href":"https:\/\/www.rm-mpi.si\/index.php\/wp-json\/wp\/v2\/types\/page"}],"author":[{"embeddable":true,"href":"https:\/\/www.rm-mpi.si\/index.php\/wp-json\/wp\/v2\/users\/1"}],"replies":[{"embeddable":true,"href":"https:\/\/www.rm-mpi.si\/index.php\/wp-json\/wp\/v2\/comments?post=23"}],"version-history":[{"count":5,"href":"https:\/\/www.rm-mpi.si\/index.php\/wp-json\/wp\/v2\/pages\/23\/revisions"}],"predecessor-version":[{"id":172,"href":"https:\/\/www.rm-mpi.si\/index.php\/wp-json\/wp\/v2\/pages\/23\/revisions\/172"}],"wp:featuredmedia":[{"embeddable":true,"href":"https:\/\/www.rm-mpi.si\/index.php\/wp-json\/wp\/v2\/media\/142"}],"wp:attachment":[{"href":"https:\/\/www.rm-mpi.si\/index.php\/wp-json\/wp\/v2\/media?parent=23"}],"curies":[{"name":"wp","href":"https:\/\/api.w.org\/{rel}","templated":true}]}}