{"id":29,"date":"2022-05-09T08:52:26","date_gmt":"2022-05-09T08:52:26","guid":{"rendered":"http:\/\/new.rm-mpi.si\/?page_id=29"},"modified":"2022-05-13T07:56:54","modified_gmt":"2022-05-13T07:56:54","slug":"zgodovina","status":"publish","type":"page","link":"https:\/\/www.rm-mpi.si\/index.php\/zgodovina\/","title":{"rendered":"ZGODOVINA"},"content":{"rendered":"\n<p>ZA\u010cETKI PRIDOBIVANJA SVINCA V ZGORNJI ME\u017dISKI DOLINI SEGAJO V LETO 1665.<\/p>\n\n\n\n<figure class=\"wp-block-image size-full is-resized\"><img decoding=\"async\" loading=\"lazy\" src=\"http:\/\/new.rm-mpi.si\/wp-content\/uploads\/2022\/05\/zg1.jpg\" alt=\"\" class=\"wp-image-30\" width=\"779\" height=\"248\" srcset=\"https:\/\/www.rm-mpi.si\/wp-content\/uploads\/2022\/05\/zg1.jpg 572w, https:\/\/www.rm-mpi.si\/wp-content\/uploads\/2022\/05\/zg1-300x95.jpg 300w\" sizes=\"(max-width: 779px) 100vw, 779px\" \/><\/figure>\n\n\n\n<p>PRIMARNO PRIDOBIVANJE SVINCA IZ RUDE DO LETA 1989; PRIKAZI IZ LETA 1950<\/p>\n\n\n\n<figure class=\"wp-block-image size-full is-resized\"><img decoding=\"async\" loading=\"lazy\" src=\"http:\/\/new.rm-mpi.si\/wp-content\/uploads\/2022\/05\/zg2.jpg\" alt=\"\" class=\"wp-image-31\" width=\"789\" height=\"251\" srcset=\"https:\/\/www.rm-mpi.si\/wp-content\/uploads\/2022\/05\/zg2.jpg 572w, https:\/\/www.rm-mpi.si\/wp-content\/uploads\/2022\/05\/zg2-300x95.jpg 300w\" sizes=\"(max-width: 789px) 100vw, 789px\" \/><\/figure>\n\n\n\n<p>SEKUNDARNO PRIDOBIVANJE SVINCA PO LETU 1989<\/p>\n\n\n\n<figure class=\"wp-block-image size-full is-resized\"><img decoding=\"async\" loading=\"lazy\" src=\"http:\/\/new.rm-mpi.si\/wp-content\/uploads\/2022\/05\/zg3.jpg\" alt=\"\" class=\"wp-image-32\" width=\"790\" height=\"251\" srcset=\"https:\/\/www.rm-mpi.si\/wp-content\/uploads\/2022\/05\/zg3.jpg 572w, https:\/\/www.rm-mpi.si\/wp-content\/uploads\/2022\/05\/zg3-300x95.jpg 300w\" sizes=\"(max-width: 790px) 100vw, 790px\" \/><\/figure>\n\n\n\n<div class=\"wp-block-columns is-layout-flex wp-container-3 wp-block-columns-is-layout-flex\">\n<div class=\"wp-block-column is-layout-flow wp-block-column-is-layout-flow\">\n<p>LETA 1990 USTANOVLJENO PODJETJE MPI-RECIKLA\u017dA d.o.o.<\/p>\n\n\n\n<p>Podjetje MPI-RECIKLA\u017dA je del Skupine TAB.<\/p>\n\n\n\n<p>Glavna dejavnost je recikla\u017ea odpadnih akumulatorjev in drugih odpadkov na osnovi svinca in je edino podjetje v Sloveniji, ki ima naprave in tehnologijo za predelavo zgoraj omenjenih odpadkov.<\/p>\n<\/div>\n\n\n\n<div class=\"wp-block-column is-layout-flow wp-block-column-is-layout-flow\">\n<div class=\"wp-block-image\"><figure class=\"alignleft size-full is-resized\"><img decoding=\"async\" loading=\"lazy\" src=\"http:\/\/new.rm-mpi.si\/wp-content\/uploads\/2022\/05\/zg4_small.jpg\" alt=\"\" class=\"wp-image-33\" width=\"286\" height=\"253\"\/><\/figure><\/div>\n<\/div>\n<\/div>\n","protected":false},"excerpt":{"rendered":"<p>ZA\u010cETKI PRIDOBIVANJA SVINCA V ZGORNJI ME\u017dISKI DOLINI SEGAJO V LETO 1665. PRIMARNO PRIDOBIVANJE SVINCA IZ RUDE DO LETA 1989; PRIKAZI IZ LETA 1950 SEKUNDARNO PRIDOBIVANJE SVINCA PO LETU 1989 LETA 1990 USTANOVLJENO PODJETJE MPI-RECIKLA\u017dA d.o.o. Podjetje MPI-RECIKLA\u017dA je del Skupine TAB. Glavna dejavnost je recikla\u017ea odpadnih akumulatorjev in drugih odpadkov na osnovi svinca in je [&hellip;]<\/p>\n","protected":false},"author":1,"featured_media":142,"parent":0,"menu_order":0,"comment_status":"closed","ping_status":"closed","template":"","meta":{"footnotes":""},"_links":{"self":[{"href":"https:\/\/www.rm-mpi.si\/index.php\/wp-json\/wp\/v2\/pages\/29"}],"collection":[{"href":"https:\/\/www.rm-mpi.si\/index.php\/wp-json\/wp\/v2\/pages"}],"about":[{"href":"https:\/\/www.rm-mpi.si\/index.php\/wp-json\/wp\/v2\/types\/page"}],"author":[{"embeddable":true,"href":"https:\/\/www.rm-mpi.si\/index.php\/wp-json\/wp\/v2\/users\/1"}],"replies":[{"embeddable":true,"href":"https:\/\/www.rm-mpi.si\/index.php\/wp-json\/wp\/v2\/comments?post=29"}],"version-history":[{"count":4,"href":"https:\/\/www.rm-mpi.si\/index.php\/wp-json\/wp\/v2\/pages\/29\/revisions"}],"predecessor-version":[{"id":38,"href":"https:\/\/www.rm-mpi.si\/index.php\/wp-json\/wp\/v2\/pages\/29\/revisions\/38"}],"wp:featuredmedia":[{"embeddable":true,"href":"https:\/\/www.rm-mpi.si\/index.php\/wp-json\/wp\/v2\/media\/142"}],"wp:attachment":[{"href":"https:\/\/www.rm-mpi.si\/index.php\/wp-json\/wp\/v2\/media?parent=29"}],"curies":[{"name":"wp","href":"https:\/\/api.w.org\/{rel}","templated":true}]}}