{"id":5,"date":"2022-05-09T08:07:16","date_gmt":"2022-05-09T08:07:16","guid":{"rendered":"http:\/\/new.rm-mpi.si\/?page_id=5"},"modified":"2022-05-17T13:02:00","modified_gmt":"2022-05-17T13:02:00","slug":"home","status":"publish","type":"page","link":"https:\/\/www.rm-mpi.si\/","title":{"rendered":"Home"},"content":{"rendered":"<p>[vc_row][vc_column][block_title style=&#8221;column_title&#8221; inner_style=&#8221;inline_border&#8221; title=&#8221;O NAS&#8221;][\/block_title][vc_column_text]<\/p>\n<p style=\"font-weight: 400;\"><span data-ogsc=\"rgb(105, 152, 73)\">Podjetje MPI-RECIKLA\u017dA d.o.o. je eno izmed podjetij v okviru skupine TAB in se nahaja na obmo\u010dju \u017derjava, kjer ima predelava svinca ve\u010d kot 350-letno tradicijo.<\/span><\/p>\n<p style=\"font-weight: 400;\"><span data-ogsc=\"rgb(105, 152, 73)\">Glavna dejavnost podjetja je proizvodnja svinca, njegovih zlitin in ostalih produktov, nastajajo\u010dih pri recikla\u017ei odpadkov, ki vsebujejo svinec.<\/span><\/p>\n<p style=\"font-weight: 400;\"><span data-ogsc=\"rgb(105, 152, 73)\">Podjetje zagotavlja najvi\u0161jo stopnjo predelave izrabljenih svin\u010deno kislinskih akumulatorjev ter pri tem skrbi, da je vpliv dejavnosti na okolje \u010dim manj\u0161i in v okviru zakonitih predpisov. Skrb za okolje ter varovanje zdravja in varnosti zaposlenih so vrednote, ki jim podjetje posve\u010da posebno pozornost.<\/span><\/p>\n<p>[\/vc_column_text][\/vc_column][\/vc_row][vc_row][vc_column][block_title style=&#8221;column_title&#8221; inner_style=&#8221;inline_border&#8221; title=&#8221;CERTIFIKATI&#8221;][\/block_title][recent_portfolio columns=&#8221;3&#8243; carousel=&#8221;no&#8221; from_where=&#8221;cat&#8221; category=&#8221;6&#8243;][\/vc_column][\/vc_row]<\/p>\n","protected":false},"excerpt":{"rendered":"<p>[vc_row][vc_column][block_title style=&#8221;column_title&#8221; inner_style=&#8221;inline_border&#8221; title=&#8221;O NAS&#8221;][\/block_title][vc_column_text] Podjetje MPI-RECIKLA\u017dA d.o.o. je eno izmed podjetij v okviru skupine TAB in se nahaja na obmo\u010dju \u017derjava, kjer ima predelava svinca ve\u010d kot 350-letno tradicijo. Glavna dejavnost podjetja je proizvodnja svinca, njegovih zlitin in ostalih produktov, nastajajo\u010dih pri recikla\u017ei odpadkov, ki vsebujejo svinec. Podjetje zagotavlja najvi\u0161jo stopnjo predelave izrabljenih svin\u010deno [&hellip;]<\/p>\n","protected":false},"author":1,"featured_media":0,"parent":0,"menu_order":0,"comment_status":"closed","ping_status":"closed","template":"","meta":{"footnotes":""},"_links":{"self":[{"href":"https:\/\/www.rm-mpi.si\/index.php\/wp-json\/wp\/v2\/pages\/5"}],"collection":[{"href":"https:\/\/www.rm-mpi.si\/index.php\/wp-json\/wp\/v2\/pages"}],"about":[{"href":"https:\/\/www.rm-mpi.si\/index.php\/wp-json\/wp\/v2\/types\/page"}],"author":[{"embeddable":true,"href":"https:\/\/www.rm-mpi.si\/index.php\/wp-json\/wp\/v2\/users\/1"}],"replies":[{"embeddable":true,"href":"https:\/\/www.rm-mpi.si\/index.php\/wp-json\/wp\/v2\/comments?post=5"}],"version-history":[{"count":3,"href":"https:\/\/www.rm-mpi.si\/index.php\/wp-json\/wp\/v2\/pages\/5\/revisions"}],"predecessor-version":[{"id":169,"href":"https:\/\/www.rm-mpi.si\/index.php\/wp-json\/wp\/v2\/pages\/5\/revisions\/169"}],"wp:attachment":[{"href":"https:\/\/www.rm-mpi.si\/index.php\/wp-json\/wp\/v2\/media?parent=5"}],"curies":[{"name":"wp","href":"https:\/\/api.w.org\/{rel}","templated":true}]}}